{"id":132,"date":"2013-09-28T19:42:31","date_gmt":"2013-09-28T18:42:31","guid":{"rendered":"http:\/\/dunjaknebl.com\/w2\/?page_id=132"},"modified":"2025-06-19T18:26:49","modified_gmt":"2025-06-19T17:26:49","slug":"biography-by-others","status":"publish","type":"page","link":"https:\/\/dunjaknebl.com\/w2\/biography-by-others\/","title":{"rendered":"Biography &#8211; by others"},"content":{"rendered":"<p><strong>Dunja Knebl<\/strong> (born 1946) is an acoustic\/folk\u00a0singer from Croatia.<\/p>\n<p>She was born in\u00a0Zagreb, Croatia, but has also lived in the USA, Indonesia. and Russia.\u00a0After completing the studies of English and Russian, she worked most of her life as a translator and language teacher. Her favorite hobby was learning folk songs from the countries she lived in and singing them to her friends. She began performing professionally in 1993, and released her first solo album in 1994, an MC with 12 songs collected by the Me\u0111imurean poet, singer and folk song collector\u00a0Florijan Andra\u0161ec, one of the people she often mentions as having a great influence to her music.<\/p>\n<p><a href=\"http:\/\/dunjaknebl.com\/w2\/wp-content\/uploads\/2020\/04\/Dunja@Mochvara-Doringo-Photography-46-534x800-1.jpg\"><img loading=\"lazy\" decoding=\"async\" class=\"alignnone size-medium wp-image-660\" src=\"http:\/\/dunjaknebl.com\/w2\/wp-content\/uploads\/2020\/04\/Dunja@Mochvara-Doringo-Photography-46-534x800-1-200x300.jpg\" alt=\"\" width=\"200\" height=\"300\" srcset=\"https:\/\/dunjaknebl.com\/w2\/wp-content\/uploads\/2020\/04\/Dunja@Mochvara-Doringo-Photography-46-534x800-1-200x300.jpg 200w, https:\/\/dunjaknebl.com\/w2\/wp-content\/uploads\/2020\/04\/Dunja@Mochvara-Doringo-Photography-46-534x800-1.jpg 534w\" sizes=\"auto, (max-width: 200px) 100vw, 200px\" \/><\/a> <a href=\"http:\/\/dunjaknebl.com\/w2\/wp-content\/uploads\/2020\/04\/Dunja@Mochvara-Doringo-Photography-66-800x534-1.jpg\"><img loading=\"lazy\" decoding=\"async\" class=\"alignnone size-medium wp-image-665\" src=\"http:\/\/dunjaknebl.com\/w2\/wp-content\/uploads\/2020\/04\/Dunja@Mochvara-Doringo-Photography-66-800x534-1-300x200.jpg\" alt=\"\" width=\"300\" height=\"200\" srcset=\"https:\/\/dunjaknebl.com\/w2\/wp-content\/uploads\/2020\/04\/Dunja@Mochvara-Doringo-Photography-66-800x534-1-300x200.jpg 300w, https:\/\/dunjaknebl.com\/w2\/wp-content\/uploads\/2020\/04\/Dunja@Mochvara-Doringo-Photography-66-800x534-1-768x513.jpg 768w, https:\/\/dunjaknebl.com\/w2\/wp-content\/uploads\/2020\/04\/Dunja@Mochvara-Doringo-Photography-66-800x534-1.jpg 800w\" sizes=\"auto, (max-width: 300px) 100vw, 300px\" \/><\/a><a href=\"http:\/\/dunjaknebl.com\/w2\/wp-content\/uploads\/2020\/04\/Dunja@Mochvara-Doringo-Photography-24-800x534-1.jpg\"><img loading=\"lazy\" decoding=\"async\" class=\"alignnone size-medium wp-image-659\" src=\"http:\/\/dunjaknebl.com\/w2\/wp-content\/uploads\/2020\/04\/Dunja@Mochvara-Doringo-Photography-24-800x534-1-300x200.jpg\" alt=\"\" width=\"300\" height=\"200\" srcset=\"https:\/\/dunjaknebl.com\/w2\/wp-content\/uploads\/2020\/04\/Dunja@Mochvara-Doringo-Photography-24-800x534-1-300x200.jpg 300w, https:\/\/dunjaknebl.com\/w2\/wp-content\/uploads\/2020\/04\/Dunja@Mochvara-Doringo-Photography-24-800x534-1-768x513.jpg 768w, https:\/\/dunjaknebl.com\/w2\/wp-content\/uploads\/2020\/04\/Dunja@Mochvara-Doringo-Photography-24-800x534-1.jpg 800w\" sizes=\"auto, (max-width: 300px) 100vw, 300px\" \/><\/a><\/p>\n<p>In 1997 she was nominated for the music award Porin, the Croatian equivalent of Grammy, in the Best singer category, and subsequently she has had a number of Porin nominations in various categories. In 2008 she was awarded with the Porin prize and the Index prizes for her album <strong><em>Kite\u00a0i kitice<\/em><\/strong>.<br \/>\nHer album &#8220;Svilarica svilu prede&#8221; (with Roko Margeta), self-released on Bandcamp (2019) was charted January 2020 by Transglobal World Music Chart.<br \/>\nThe majority of the songs she sings are from Croatia (especially the region Me\u0111imurje), but also from USA, England, Russia, Indonesia. In the 1998 edition of the London-based <strong>A Rough Guide to World Music<\/strong> her music is recommended as an introduction to ethno-music from Croatia, as is her album <strong>Iz globline srca<\/strong>.<br \/>\nThe songs she sings are slow, mellow and often sad and melancholic. Most of all she likes to record songs she has never heard and she arranges them on basis of notes and lyrics she finds in books.<\/p>\n<div id=\"attachment_655\" style=\"width: 310px\" class=\"wp-caption alignleft\"><a href=\"http:\/\/dunjaknebl.com\/w2\/wp-content\/uploads\/2020\/04\/monodrama2-e1587750914245.jpg\"><img loading=\"lazy\" decoding=\"async\" aria-describedby=\"caption-attachment-655\" class=\"size-medium wp-image-655\" src=\"http:\/\/dunjaknebl.com\/w2\/wp-content\/uploads\/2020\/04\/monodrama2-e1587750914245-300x265.jpg\" alt=\"\" width=\"300\" height=\"265\" srcset=\"https:\/\/dunjaknebl.com\/w2\/wp-content\/uploads\/2020\/04\/monodrama2-e1587750914245-300x265.jpg 300w, https:\/\/dunjaknebl.com\/w2\/wp-content\/uploads\/2020\/04\/monodrama2-e1587750914245-1024x906.jpg 1024w, https:\/\/dunjaknebl.com\/w2\/wp-content\/uploads\/2020\/04\/monodrama2-e1587750914245-768x679.jpg 768w, https:\/\/dunjaknebl.com\/w2\/wp-content\/uploads\/2020\/04\/monodrama2-e1587750914245.jpg 1136w\" sizes=\"auto, (max-width: 300px) 100vw, 300px\" \/><\/a><p id=\"caption-attachment-655\" class=\"wp-caption-text\">Why I Became a Folk Singer at 47 or The Fear of Cloning<\/p><\/div>\n<p><a href=\"http:\/\/dunjaknebl.com\/w2\/wp-content\/uploads\/2017\/12\/monodrama1.jpg\"><img loading=\"lazy\" decoding=\"async\" class=\"size-medium wp-image-586 alignleft\" src=\"http:\/\/dunjaknebl.com\/w2\/wp-content\/uploads\/2017\/12\/monodrama1-212x300.jpg\" alt=\"\" width=\"212\" height=\"300\" srcset=\"https:\/\/dunjaknebl.com\/w2\/wp-content\/uploads\/2017\/12\/monodrama1-212x300.jpg 212w, https:\/\/dunjaknebl.com\/w2\/wp-content\/uploads\/2017\/12\/monodrama1-768x1089.jpg 768w, https:\/\/dunjaknebl.com\/w2\/wp-content\/uploads\/2017\/12\/monodrama1-722x1024.jpg 722w, https:\/\/dunjaknebl.com\/w2\/wp-content\/uploads\/2017\/12\/monodrama1.jpg 1149w\" sizes=\"auto, (max-width: 212px) 100vw, 212px\" \/><\/a><\/p>\n<p>She promotes traditional folk songs in many ways as, for instance, with her biographical monodrama <strong>Why I became a singer at the age of 47 or the Fear of Cloning <\/strong>performed by the singer\u00a0many times since 1997, and with her musical performance\/show<strong> Oj ti to\u017eni \u010dlovek<\/strong> based on Croatian murder ballads where she is the narrator, singer and is supported by participants\/singers\/musicians coming from her workshops. Her album <strong>33 balade <\/strong>released in 2017 contains some ballads recorded during the show.<\/p>\n<p>Dunja Knebl is noted for her\u00a0 very simple music arrangements, often only with improvised instruments or even without any. She performs with other musicians.<\/p>\n<p>In 2024 she recorded &#8220;Bilo je sada&#8221;, a successful album with Nina Romi\u0107 and Jelena Gali\u0107, calling themselves &#8211; Dunije.<\/p>\n<p>In 2025 her third album with Roko Margeta was released, entitled Fauna, yet another album based on forgotten songs in old songbvooks.<\/p>\n<p>As of 2025 she has released 25 studio albums (CDs, MCs).<\/p>\n<p><strong>Discography:<\/strong><\/p>\n<p><strong>Albums<\/strong><\/p>\n<p><strong>1. \u010cuje\u0161, golub, \u010duje\u0161<\/strong>, MC, 1994., Morje kak Me\u0111imorje<\/p>\n<p><strong>2. &#8230;jer bez tebe nema mene<\/strong>, MC,CD, 1996. ORFEJ<a href=\"https:\/\/dunjaknebl.bandcamp.com\/album\/jer-bez-tebe-nema-mene\"> https:\/\/dunjaknebl.bandcamp.com\/album\/jer-bez-tebe-nema-mene<\/a><br \/>\n<strong>3. Croatian Folk Songs from Me\u0111imurje<\/strong>, MC, 1998., Trottel Records, Budimpe\u0161ta<br \/>\n<strong>4. Iz globline srca<\/strong>, MC,CD, 1998., Dancing Bear<br \/>\n<strong>5. \u010cetiri frtalji<\/strong>, MC,CD, 2000., Dancing Bear<br \/>\n<strong>6. Da sam barem guska<\/strong>, MC,CD, 2002., Dancing Bear<br \/>\n<strong>7. Polje \u0161iroko, nebo visoko<\/strong>, CD., 2005., Dancing Bear<br \/>\n<strong>8. Kite i kitice<\/strong>, CD., 2007., Dancing Bear<br \/>\n<strong>9. Do\u0111e Bo\u017ei\u0107, oj koledo<\/strong>, CD, 2008. Dancing Bear<br \/>\n(with Nina Romi\u0107, Tomo Sombolac, Damjan \u010cakmak)<br \/>\n<strong>10. Spevala mi papiga<\/strong>, CD, 2009., Dancing Bear<br \/>\n<strong>11. Jelen pase<\/strong>, CD, 2010. Dancing Bear (suradnik: Tomo Sombolac)<\/p>\n<p><strong>12.<\/strong> <strong>Tamo doli<\/strong>, (Dunja Knebl &amp; Kololira), CD, 2013; Dancing Bear<br \/>\n<strong>13. I Mara i cvetje<\/strong>, (Dunja Knebl &amp; Kololira), CD, 2015; Kopito Records<a href=\"https:\/\/dunjaknebl.bandcamp.com\/album\/i-mara-i-cvetje\"> &gt;https:\/\/dunjaknebl.bandcamp.com\/album\/i-mara-i-cvetje<\/a><\/p>\n<p><strong>14. From over There to Over Here 1 USA &amp; England<\/strong> (2014) <a href=\"https:\/\/dunjaknebl.bandcamp.com\/album\/from-over-there-to-over-here-1-usa-england\">https:\/\/dunjaknebl.bandcamp.com\/album\/from-over-there-to-over-here-1-usa-england<\/a><br \/>\n<strong>15. From Over There to Over Here 2 &#8211; Indonesia<\/strong> (2014) <a href=\"https:\/\/dunjaknebl.bandcamp.com\/album\/from-over-there-to-over-here-2-indonesia\">https:\/\/dunjaknebl.bandcamp.com\/album\/from-over-there-to-over-here-2-indonesia<\/a><br \/>\n<strong>16. From Over There to Over Here 3 &#8211; Russia<\/strong> (2014)<a href=\"https:\/\/dunjaknebl.bandcamp.com\/album\/from-over-there-to-over-here-3-russia\">https:\/\/dunjaknebl.bandcamp.com\/album\/from-over-there-to-over-here-3-russia<\/a><\/p>\n<p><strong>17.<\/strong> <strong>33 balade, <\/strong>CD, 2017; Geenger Records &amp; Zvuk Mo\u010dvare <a href=\"https:\/\/dunjaknebl.bandcamp.com\/album\/33-balade\">https:\/\/dunjaknebl.bandcamp.com\/album\/33-balade<\/a><\/p>\n<p><strong>18. Love Li(v)es (2019)<\/strong> <a href=\"https:\/\/dunjaknebl.bandcamp.com\/album\/love-li-v-es\">https:\/\/dunjaknebl.bandcamp.com\/album\/love-li-v-es<\/a><\/p>\n<p><strong>19. Svilarica svilu prede<\/strong> <strong>(Dunja Knebl &amp; Roko Margeta)<\/strong> (2019) <a href=\"https:\/\/dunjaknebl.bandcamp.com\/album\/svilarica-svilu-prede\">https:\/\/dunjaknebl.bandcamp.com\/album\/svilarica-svilu-prede<\/a><\/p>\n<p><strong>20.<\/strong><strong>Tamo gori<\/strong>, (Dunja Knebl &amp; Kololira) Bandcamp, 2020; Geenger Records <a href=\"https:\/\/dunjaknebl.bandcamp.com\/album\/tamo-gori\">https:\/\/dunjaknebl.bandcamp.com\/album\/tamo-gori<\/a><\/p>\n<p><strong>21. Songbook Songs (<\/strong>Dunja Knebl &amp; Roko Margeta<strong>), <\/strong>Geenger Records, 2021 <a href=\"https:\/\/dunjaknebl.bandcamp.com\/album\/songbook-songs\">https:\/\/dunjaknebl.bandcamp.com\/album\/songbook-songs<\/a><\/p>\n<p><strong>22.<\/strong> <strong>Sonce (<\/strong>Zoran Majstorovi\u0107 &amp; Dunja Knebl<strong>), <\/strong>Geenger Records, 2022 <a href=\"https:\/\/dunjaknebl.bandcamp.com\/album\/sonce\">https:\/\/dunjaknebl.bandcamp.com\/album\/sonce<\/a><\/p>\n<p><strong>23. Moje srce se reskoli<\/strong> (Dunja Knebl &amp; Adam Semijalac) (2023) <a href=\"https:\/\/dunjaknebl.bandcamp.com\/album\/moje-srce-se-reskoli-dunja-knebl-adam-semijalac\">https:\/\/dunjaknebl.bandcamp.com\/album\/moje-srce-se-reskoli-dunja-knebl-adam-semijalac<\/a><\/p>\n<p><strong>24. Bilo je sada (Dunije &#8211; with Nina Romi\u0107 and Jelena Gali\u0107) <\/strong>Menart, 2024<\/p>\n<p><strong>25. Fauna (Dunja Knebl &amp; Roko Margeta)<\/strong>, Geenger Records, 2025 :\u00a0<a href=\"https:\/\/dunjaknebl.bandcamp.com\/album\/fauna\">https:\/\/dunjaknebl.bandcamp.com\/album\/fauna<\/a> ,\u00a0<a href=\"https:\/\/youtu.be\/pGvyBc3OC78?si=T7_8-q2gOZCK4TQT\">https:\/\/youtu.be\/pGvyBc3OC78?si=T7_8-q2gOZCK4TQT<\/a><\/p>\n<p>&nbsp;<\/p>\n<p>&nbsp;<\/p>\n<p><em><strong>LIVE ONLINE ALBUMS<br \/>\n<\/strong><\/em><\/p>\n<p><strong>Dunja Knebl Live 1995 &#8211; 1996 &#8211; Traditional Folk Songs from Croatia<\/strong> (2014)\u00a0 <a href=\"https:\/\/dunjaknebl.bandcamp.com\/album\/dunja-knebl-live-in-1995-1996-traditional-folk-songs-from-croatia\">https:\/\/dunjaknebl.bandcamp.com\/album\/dunja-knebl-live-in-1995-1996-traditional-folk-songs-from-croatia<\/a><\/p>\n<p><strong>Dunja i Irina Live &#8211; Traditional Folk Songs from Croatia (2015)<\/strong> <a href=\"https:\/\/dunjaknebl.bandcamp.com\/album\/dunja-irina-live-traditional-folk-songs-from-croatia\">https:\/\/dunjaknebl.bandcamp.com\/album\/dunja-irina-live-traditional-folk-songs-from-croatia<\/a><\/p>\n<p>&nbsp;<\/p>\n<p><em><strong>LIVE CONCERT ALBUM<br \/>\n<\/strong><\/em><\/p>\n<p>* <b>ETHNO-AMBIENT LIVE<\/b> &#8211; Dunja Knebl, Lidija Bajuk, Legen, MC,CD, 1995., CBS<\/p>\n<p>&nbsp;<\/p>\n<p style=\"text-align: center;\">***********************************************************************************************<\/p>\n<p>ZAGREB IN YOUR POCKET, July 20, 2020<\/p>\n<p><strong>DUNJA KNEBL<\/strong><br \/>\nFolk music is far too often consigned to the ghetto of national heritage, as if it is something settled and unchanging that exists in order to be re-performed the same way over and over again. One of the people who has consistently striven to reinvent Croatian folk music and make it relevant to modern audiences is Dunja Knebl, the singer and guitar-strummer whose work spans over 31 years of touring and recording. Knebl\u2019s heartland is the music of Me\u0111imurje, the rural flatlands in the far northeast, a region famous for its wistful narrative songs sung by women. A lot of these songs are marked by tragedy, lost loves, painful farewells or crimes of the heart: territory explored on Knebl\u2019s outstanding 2017 album 33 balade (\u201d33 Ballads\u201d). Knebl\u2019s clear-as-a-bell singing style and sparse atmospheric production transform the songs into something timeless and iconic, like the work of Nico or Bjork. In an age when Croatian pop music sounds increasingly anonymous and derivative, Knebl turns the traditional songbook into something magical, mysterious and open to contemporary interpretation.<\/p>\n<p>&nbsp;<\/p>\n<p style=\"text-align: center;\">*************************************************************************************************<\/p>\n<p><b><span style=\"color: #666666;\">SOME VENUES FROM DUNJA&#8217;S ARCHIVE <\/span><\/b><\/p>\n<p>1993\u00a0\u00a0\u00a0 INTERNATIONAL P.E.N. CONGRESS, Hvar, Dubrovnik (Croatia)<br \/>\n1993\u00a0\u00a0\u00a0\u00a0MIDDLE EUROPEAN WRITERS\u201a SYMPOSIUM, Austria<br \/>\n1994\u00a0\u00a0\u00a0 INTERNATIONAL FOLKLORE REVIEW , Zagreb, Croatia<br \/>\n1994\u00a0\u00a0\u00a0 MEDJIMURSKE POPEVKE (folk song review), Nedeli\u0161\u0107e, Croatia<br \/>\n1995\u00a0\u00a0\u00a0 Klub Gjuro 2\u00a0 &#8211; recording of ETHNO-AMBIENT LIVE album, Zagreb, Croatia<br \/>\n1996\u00a0\u00a0\u00a0 MEDJIMURSKE POPEVKE (folk song review), Nedeli\u0161\u0107e, Croatia<br \/>\n1996\u00a0\u00a0\u00a0 INTERNATIONAL CHILDREN&#8217;S FESTIVAL, \u0160ibenik, Croatia<br \/>\n1997\u00a0\u00a0\u00a0 INTERNATIONAL FOLKLORE REVIEW, Zagreb, Croatia<br \/>\n1997 \u00a0\u00a0 PORIN Yearly Awards, Opatija, Croatia<br \/>\n1997\u00a0\u00a0\u00a0 INTERNATIONAL FOLKLORE REVIEW, Zagreb, Croatia<br \/>\n1998\u00a0\u00a0\u00a0PEPSI SZIGET FESTIVAL, Budapest, Hungary<br \/>\n1998\u00a0\u00a0 TRNFEST, Ljubljana, Slovenia<br \/>\n1998\u00a0\u00a0\u00a0INTERNATIONAL CHILDREN\u201aS FESTIVAL, \u0160ibenik, Croatia<br \/>\n1999\u00a0\u00a0 EUROMUSICA, Italy<br \/>\n2000\u00a0\u00a0PATAPOKLOSI FESTIVAL, Hungary<br \/>\n2002\u00a0\u00a0MEDJIMURSKE POPEVKE (folk song review), Nedeli\u0161\u0107e, Croatia<br \/>\n2002 KA\u0160TELA 2002 (folk song festival) Ka\u0161tel Kambelovac, Croatia<\/p>\n<p>2003\u00a0\u00a0ME\u0110IMURSKE POPEVKE (folk song review), Nedeli\u0161\u0107e, Croatia<\/p>\n<p>2004\u00a0\u00a0ME\u0110IMURSKE POPEVKE (folk song review), Nedeli\u0161\u0107e, Croatia<\/p>\n<p>2005\u00a0\u00a0ME\u0110IMURSKE POPEVKE (folk song review), Nedeli\u0161\u0107e, Croatia<\/p>\n<p>2006\u00a0\u00a0ME\u0110IMURSKE POPEVKE (folk song review), Nedeli\u0161\u0107e, Croatia<\/p>\n<p>2007 ME\u0110IMURSKE POPEVKE (folk song review), Nedeli\u0161\u0107e, Croatia<\/p>\n<p>2007 Ethno-ambient Live Festival, Solin, Croatia<\/p>\n<p>2008\u00a0\u00a0ME\u0110IMURSKE POPEVKE (folk song review), Nedeli\u0161\u0107e, Croatia<\/p>\n<p>2008 INTERZONE FESTIVAL, Novi Sad, Serbia<\/p>\n<p>2009\u00a0\u00a0ME\u0110IMURSKE POPEVKE (folk song review), Nedeli\u0161\u0107e, Croatia<\/p>\n<p>2010\u00a0\u00a0ME\u0110IMURSKE POPEVKE (folk song review), Nedeli\u0161\u0107e, Croatia<\/p>\n<p>2011\u00a0\u00a0ME\u0110IMURSKE POPEVKE (folk song review), Nedeli\u0161\u0107e, Croatia<\/p>\n<p>2012\u00a0\u00a0ME\u0110IMURSKE POPEVKE (folk song review), Nedeli\u0161\u0107e, Croatia<\/p>\n<p>2013\u00a0\u00a0ME\u0110IMURSKE POPEVKE (folk song review), Nedeli\u0161\u0107e, Croatia<\/p>\n<p>2013\u00a0 34th EBU FOLK MUSIC FESTIVAL, Varna, Bulgaria<\/p>\n<p>2013 Ethno-ambient Live Festival, Solin, Croatia<\/p>\n<p>2015 Ethno-ambient Live Festival, Solin, Croatia<\/p>\n<p>2016 Ethno-ambient Live Festival, Solin, Croatia<\/p>\n<p>2018 Etnofest, Subotica, Serbia<\/p>\n<p>2018 Festival Kami\u010dak, Sinj, Croatia<\/p>\n<p>2022 Todo Mundo festival, Belgrade, Serbia<\/p>\n<p>21023 Merodefest, Belgium<\/p>\n<p>&nbsp;<\/p>\n<p>&nbsp;<\/p>\n","protected":false},"excerpt":{"rendered":"<p>Dunja Knebl (born 1946) is an acoustic\/folk\u00a0singer from Croatia. She was born in\u00a0Zagreb, Croatia, but has also lived in the USA, Indonesia. and Russia.\u00a0After completing the studies of English and Russian, she worked most of her life as a translator and language teacher. Her favorite hobby was learning folk songs from the countries she lived [&hellip;]<\/p>\n","protected":false},"author":1,"featured_media":0,"parent":0,"menu_order":0,"comment_status":"open","ping_status":"open","template":"","meta":{"jetpack_post_was_ever_published":false,"footnotes":""},"class_list":["post-132","page","type-page","status-publish","hentry"],"jetpack_likes_enabled":true,"jetpack_sharing_enabled":true,"_links":{"self":[{"href":"https:\/\/dunjaknebl.com\/w2\/wp-json\/wp\/v2\/pages\/132","targetHints":{"allow":["GET"]}}],"collection":[{"href":"https:\/\/dunjaknebl.com\/w2\/wp-json\/wp\/v2\/pages"}],"about":[{"href":"https:\/\/dunjaknebl.com\/w2\/wp-json\/wp\/v2\/types\/page"}],"author":[{"embeddable":true,"href":"https:\/\/dunjaknebl.com\/w2\/wp-json\/wp\/v2\/users\/1"}],"replies":[{"embeddable":true,"href":"https:\/\/dunjaknebl.com\/w2\/wp-json\/wp\/v2\/comments?post=132"}],"version-history":[{"count":32,"href":"https:\/\/dunjaknebl.com\/w2\/wp-json\/wp\/v2\/pages\/132\/revisions"}],"predecessor-version":[{"id":1233,"href":"https:\/\/dunjaknebl.com\/w2\/wp-json\/wp\/v2\/pages\/132\/revisions\/1233"}],"wp:attachment":[{"href":"https:\/\/dunjaknebl.com\/w2\/wp-json\/wp\/v2\/media?parent=132"}],"curies":[{"name":"wp","href":"https:\/\/api.w.org\/{rel}","templated":true}]}}